{"id":725,"date":"2025-06-12T23:04:43","date_gmt":"2025-06-12T21:04:43","guid":{"rendered":"https:\/\/www.27-215.pl\/?post_type=product&#038;p=725"},"modified":"2026-04-04T08:49:45","modified_gmt":"2026-04-04T06:49:45","slug":"tymol-czysty-50g","status":"publish","type":"product","link":"https:\/\/27-215.pl\/index.php\/produkt\/tymol-czysty-50g\/","title":{"rendered":"Tymol czysty 50g"},"content":{"rendered":"<p>Tymol (2-izopropylo-5-metylofenol) jest ogranicznym zwiazkiem z grupy terpenoid\u00f3w i fenoli wystepuj\u0105cym w ro\u015blinach np. w tymianku, oreagno czy cz\u0105brze.<br \/>\nJest sk\u0142adnikiem olejk\u00f3w eterycznych.<br \/>\nW postaci sta\u0142ej wyst\u0119puje jako bezbarwne kryszta\u0142ki o intensywnym, charakterystycznym zapachu.<\/p>\n<p>W pszczelarstwie stosowany do walki z Varroa destructor.<\/p>\n","protected":false},"excerpt":{"rendered":"<p>Tymol (2-izopropylo-5-metylofenol) jest ogranicznym zwiazkiem z grupy terpenoid\u00f3w i fenoli wystepuj\u0105cym w ro\u015blinach np. w tymianku, oreagno czy cz\u0105brze. Jest sk\u0142adnikiem olejk\u00f3w eterycznych. W postaci sta\u0142ej wyst\u0119puje jako bezbarwne kryszta\u0142ki o intensywnym, charakterystycznym zapachu. W pszczelarstwie stosowany do walki z Varroa destructor.<\/p>\n","protected":false},"featured_media":726,"template":"","meta":[],"product_brand":[],"product_cat":[36],"product_tag":[],"class_list":{"0":"post-725","1":"product","2":"type-product","3":"status-publish","4":"has-post-thumbnail","6":"product_cat-chemia-pszczelarska","8":"first","9":"instock","10":"taxable","11":"shipping-taxable","12":"purchasable","13":"product-type-simple"},"_links":{"self":[{"href":"https:\/\/27-215.pl\/index.php\/wp-json\/wp\/v2\/product\/725","targetHints":{"allow":["GET"]}}],"collection":[{"href":"https:\/\/27-215.pl\/index.php\/wp-json\/wp\/v2\/product"}],"about":[{"href":"https:\/\/27-215.pl\/index.php\/wp-json\/wp\/v2\/types\/product"}],"wp:featuredmedia":[{"embeddable":true,"href":"https:\/\/27-215.pl\/index.php\/wp-json\/wp\/v2\/media\/726"}],"wp:attachment":[{"href":"https:\/\/27-215.pl\/index.php\/wp-json\/wp\/v2\/media?parent=725"}],"wp:term":[{"taxonomy":"product_brand","embeddable":true,"href":"https:\/\/27-215.pl\/index.php\/wp-json\/wp\/v2\/product_brand?post=725"},{"taxonomy":"product_cat","embeddable":true,"href":"https:\/\/27-215.pl\/index.php\/wp-json\/wp\/v2\/product_cat?post=725"},{"taxonomy":"product_tag","embeddable":true,"href":"https:\/\/27-215.pl\/index.php\/wp-json\/wp\/v2\/product_tag?post=725"}],"curies":[{"name":"wp","href":"https:\/\/api.w.org\/{rel}","templated":true}]}}