{"id":731,"date":"2025-06-13T10:58:43","date_gmt":"2025-06-13T08:58:43","guid":{"rendered":"https:\/\/www.27-215.pl\/?post_type=product&#038;p=731"},"modified":"2026-04-27T08:58:27","modified_gmt":"2026-04-27T06:58:27","slug":"apiarom-500ml","status":"publish","type":"product","link":"https:\/\/27-215.pl\/index.php\/produkt\/apiarom-500ml\/","title":{"rendered":"Apiarom 500ml"},"content":{"rendered":"<p data-start=\"298\" data-end=\"604\"><strong data-start=\"298\" data-end=\"316\">Apiarom 500 ml<\/strong> to specjalistyczny \u015brodek pszczelarski oparty na naturalnych olejkach eterycznych, stworzony z my\u015bl\u0105 o <strong data-start=\"420\" data-end=\"462\">bezpiecznym \u0142\u0105czeniu rodzin pszczelich<\/strong> oraz <strong data-start=\"468\" data-end=\"488\">poddawaniu matek<\/strong>. Dzi\u0119ki intensywnemu zapachowi maskuje zapachy feromon\u00f3w, zmniejszaj\u0105c agresj\u0119 pszcz\u00f3\u0142 i u\u0142atwiaj\u0105c ich akceptacj\u0119.<\/p>\n<p data-start=\"606\" data-end=\"834\">\u2705 <strong data-start=\"608\" data-end=\"648\">Do \u0142\u0105czenia rodzin bez walki i strat<\/strong><br data-start=\"648\" data-end=\"651\" \/>\u2705 <strong data-start=\"653\" data-end=\"686\">U\u0142atwia przyj\u0119cie nowej matki<\/strong> przez robotnice<br data-start=\"702\" data-end=\"705\" \/>\u2705 <strong data-start=\"707\" data-end=\"751\">Na bazie naturalnych olejk\u00f3w eterycznych<\/strong> \u2013 bezpieczny i skuteczny<br data-start=\"776\" data-end=\"779\" \/>\u2705 <strong data-start=\"781\" data-end=\"801\">\u0141atwe stosowanie<\/strong> \u2013 rozpyli\u0107 na pszczo\u0142y lub ramki<\/p>\n<p data-start=\"841\" data-end=\"860\"><strong data-start=\"841\" data-end=\"858\">Zastosowanie:<\/strong><\/p>\n<ul data-start=\"861\" data-end=\"997\">\n<li data-start=\"861\" data-end=\"914\">\n<p data-start=\"863\" data-end=\"914\">\u0142\u0105czenie rodzin pszczelich<\/p>\n<\/li>\n<li data-start=\"915\" data-end=\"957\">\n<p data-start=\"917\" data-end=\"957\">bezpieczne poddawanie matek pszczelich<\/p>\n<\/li>\n<li data-start=\"958\" data-end=\"997\">\n<p data-start=\"960\" data-end=\"997\">zmniejszenie napi\u0119cia i agresji w ulu<\/p>\n<\/li>\n<\/ul>\n","protected":false},"excerpt":{"rendered":"<p>Apiarom 500 ml to specjalistyczny \u015brodek pszczelarski oparty na naturalnych olejkach eterycznych, stworzony z my\u015bl\u0105 o bezpiecznym \u0142\u0105czeniu rodzin pszczelich oraz poddawaniu matek. Dzi\u0119ki intensywnemu zapachowi maskuje zapachy feromon\u00f3w, zmniejszaj\u0105c agresj\u0119 pszcz\u00f3\u0142 i u\u0142atwiaj\u0105c ich akceptacj\u0119. \u2705 Do \u0142\u0105czenia rodzin bez walki i strat\u2705 U\u0142atwia przyj\u0119cie nowej matki przez robotnice\u2705 Na bazie naturalnych olejk\u00f3w eterycznych [&hellip;]<\/p>\n","protected":false},"featured_media":732,"template":"","meta":[],"product_brand":[],"product_cat":[36],"product_tag":[],"class_list":{"0":"post-731","1":"product","2":"type-product","3":"status-publish","4":"has-post-thumbnail","6":"product_cat-chemia-pszczelarska","8":"first","9":"instock","10":"taxable","11":"shipping-taxable","12":"purchasable","13":"product-type-simple"},"_links":{"self":[{"href":"https:\/\/27-215.pl\/index.php\/wp-json\/wp\/v2\/product\/731","targetHints":{"allow":["GET"]}}],"collection":[{"href":"https:\/\/27-215.pl\/index.php\/wp-json\/wp\/v2\/product"}],"about":[{"href":"https:\/\/27-215.pl\/index.php\/wp-json\/wp\/v2\/types\/product"}],"wp:featuredmedia":[{"embeddable":true,"href":"https:\/\/27-215.pl\/index.php\/wp-json\/wp\/v2\/media\/732"}],"wp:attachment":[{"href":"https:\/\/27-215.pl\/index.php\/wp-json\/wp\/v2\/media?parent=731"}],"wp:term":[{"taxonomy":"product_brand","embeddable":true,"href":"https:\/\/27-215.pl\/index.php\/wp-json\/wp\/v2\/product_brand?post=731"},{"taxonomy":"product_cat","embeddable":true,"href":"https:\/\/27-215.pl\/index.php\/wp-json\/wp\/v2\/product_cat?post=731"},{"taxonomy":"product_tag","embeddable":true,"href":"https:\/\/27-215.pl\/index.php\/wp-json\/wp\/v2\/product_tag?post=731"}],"curies":[{"name":"wp","href":"https:\/\/api.w.org\/{rel}","templated":true}]}}