{"id":756,"date":"2025-06-15T22:15:38","date_gmt":"2025-06-15T20:15:38","guid":{"rendered":"https:\/\/www.27-215.pl\/?post_type=product&#038;p=756"},"modified":"2026-04-13T12:30:56","modified_gmt":"2026-04-13T10:30:56","slug":"rekawice-pszczelarskie-gumowane","status":"publish","type":"product","link":"https:\/\/27-215.pl\/index.php\/produkt\/rekawice-pszczelarskie-gumowane\/","title":{"rendered":"R\u0119kawice pszczelarskie gumowane"},"content":{"rendered":"<p data-start=\"302\" data-end=\"534\">Profesjonalne <strong data-start=\"316\" data-end=\"348\">r\u0119kawice pszczelarskie <\/strong>z d\u0142ugim r\u0119kawem i gumowan\u0105 powierzchni\u0105 zapewniaj\u0105 <strong data-start=\"401\" data-end=\"426\">wysoki poziom ochrony<\/strong> przed u\u017c\u0105dleniami oraz zabrudzeniami. Idealne do codziennej pracy w pasiece \u2013 elastyczne, trwa\u0142e i wygodne.<\/p>\n<p data-start=\"536\" data-end=\"810\">\u2705 <strong data-start=\"538\" data-end=\"564\">Gumowana cz\u0119\u015b\u0107 chwytna<\/strong> \u2013 odporna na wilgo\u0107 i \u0142atwa do czyszczenia<br data-start=\"607\" data-end=\"610\" \/>\u2705 <strong data-start=\"612\" data-end=\"637\">D\u0142ugi r\u0119kaw z bawe\u0142ny<\/strong> \u2013 zabezpiecza przed w\u015blizgni\u0119ciem si\u0119 pszcz\u00f3\u0142<br data-start=\"683\" data-end=\"686\" \/>\u2705 <strong data-start=\"688\" data-end=\"717\">\u015aci\u0105gacz na przedramieniu<\/strong> \u2013 stabilne dopasowanie bez zsuwania<\/p>\n","protected":false},"excerpt":{"rendered":"<p>Profesjonalne r\u0119kawice pszczelarskie z d\u0142ugim r\u0119kawem i gumowan\u0105 powierzchni\u0105 zapewniaj\u0105 wysoki poziom ochrony przed u\u017c\u0105dleniami oraz zabrudzeniami. Idealne do codziennej pracy w pasiece \u2013 elastyczne, trwa\u0142e i wygodne. \u2705 Gumowana cz\u0119\u015b\u0107 chwytna \u2013 odporna na wilgo\u0107 i \u0142atwa do czyszczenia\u2705 D\u0142ugi r\u0119kaw z bawe\u0142ny \u2013 zabezpiecza przed w\u015blizgni\u0119ciem si\u0119 pszcz\u00f3\u0142\u2705 \u015aci\u0105gacz na przedramieniu \u2013 stabilne [&hellip;]<\/p>\n","protected":false},"featured_media":757,"template":"","meta":[],"product_brand":[53],"product_cat":[52],"product_tag":[],"class_list":{"0":"post-756","1":"product","2":"type-product","3":"status-publish","4":"has-post-thumbnail","6":"product_brand-socha","7":"product_cat-rekawice","9":"first","10":"instock","11":"taxable","12":"shipping-taxable","13":"purchasable","14":"product-type-variable"},"_links":{"self":[{"href":"https:\/\/27-215.pl\/index.php\/wp-json\/wp\/v2\/product\/756","targetHints":{"allow":["GET"]}}],"collection":[{"href":"https:\/\/27-215.pl\/index.php\/wp-json\/wp\/v2\/product"}],"about":[{"href":"https:\/\/27-215.pl\/index.php\/wp-json\/wp\/v2\/types\/product"}],"wp:featuredmedia":[{"embeddable":true,"href":"https:\/\/27-215.pl\/index.php\/wp-json\/wp\/v2\/media\/757"}],"wp:attachment":[{"href":"https:\/\/27-215.pl\/index.php\/wp-json\/wp\/v2\/media?parent=756"}],"wp:term":[{"taxonomy":"product_brand","embeddable":true,"href":"https:\/\/27-215.pl\/index.php\/wp-json\/wp\/v2\/product_brand?post=756"},{"taxonomy":"product_cat","embeddable":true,"href":"https:\/\/27-215.pl\/index.php\/wp-json\/wp\/v2\/product_cat?post=756"},{"taxonomy":"product_tag","embeddable":true,"href":"https:\/\/27-215.pl\/index.php\/wp-json\/wp\/v2\/product_tag?post=756"}],"curies":[{"name":"wp","href":"https:\/\/api.w.org\/{rel}","templated":true}]}}