{"id":761,"date":"2025-06-15T22:33:21","date_gmt":"2025-06-15T20:33:21","guid":{"rendered":"https:\/\/www.27-215.pl\/?post_type=product&#038;p=761"},"modified":"2026-04-21T15:25:13","modified_gmt":"2026-04-21T13:25:13","slug":"rekawice-pszczelarskie-skorzane","status":"publish","type":"product","link":"https:\/\/27-215.pl\/index.php\/produkt\/rekawice-pszczelarskie-skorzane\/","title":{"rendered":"R\u0119kawice pszczelarskie sk\u00f3rzane"},"content":{"rendered":"<p data-start=\"284\" data-end=\"559\">Wysokiej jako\u015bci <strong data-start=\"301\" data-end=\"347\">r\u0119kawice pszczelarskie ze sk\u00f3ry naturalnej<\/strong> z przed\u0142u\u017conym r\u0119kawem z tkaniny to niezawodna ochrona przed u\u017c\u0105dleniami \ud83d\udc1d. Mi\u0119kka sk\u00f3ra zapewnia precyzyjny chwyt i komfort noszenia, a d\u0142ugi r\u0119kaw chroni przedrami\u0119 i zapobiega dostaniu si\u0119 pszcz\u00f3\u0142 do \u015brodka.<\/p>\n<p data-start=\"561\" data-end=\"812\">\u2705 <strong data-start=\"563\" data-end=\"590\">Naturalna, mi\u0119kka sk\u00f3ra<\/strong> \u2013 odporna na \u017c\u0105d\u0142a, wygodna w u\u017cytkowaniu<br data-start=\"632\" data-end=\"635\" \/>\u2705 <strong data-start=\"637\" data-end=\"662\">D\u0142ugi r\u0119kaw z bawe\u0142ny<\/strong> \u2013 dodatkowa ochrona przedramion<br data-start=\"694\" data-end=\"697\" \/>\u2705 <strong data-start=\"699\" data-end=\"729\">\u015aci\u0105gacz przy ko\u0144cu r\u0119kawa<\/strong> \u2013 stabilne dopasowanie do ramienia<br data-start=\"764\" data-end=\"767\" \/>\u2705 <strong data-start=\"769\" data-end=\"812\">Idealne do codziennej pracy pszczelarza<\/strong><\/p>\n","protected":false},"excerpt":{"rendered":"<p>Wysokiej jako\u015bci r\u0119kawice pszczelarskie ze sk\u00f3ry naturalnej z przed\u0142u\u017conym r\u0119kawem z tkaniny to niezawodna ochrona przed u\u017c\u0105dleniami \ud83d\udc1d. Mi\u0119kka sk\u00f3ra zapewnia precyzyjny chwyt i komfort noszenia, a d\u0142ugi r\u0119kaw chroni przedrami\u0119 i zapobiega dostaniu si\u0119 pszcz\u00f3\u0142 do \u015brodka. \u2705 Naturalna, mi\u0119kka sk\u00f3ra \u2013 odporna na \u017c\u0105d\u0142a, wygodna w u\u017cytkowaniu\u2705 D\u0142ugi r\u0119kaw z bawe\u0142ny \u2013 dodatkowa [&hellip;]<\/p>\n","protected":false},"featured_media":762,"template":"","meta":[],"product_brand":[],"product_cat":[52],"product_tag":[],"class_list":{"0":"post-761","1":"product","2":"type-product","3":"status-publish","4":"has-post-thumbnail","6":"product_cat-rekawice","8":"first","9":"instock","10":"taxable","11":"shipping-taxable","12":"purchasable","13":"product-type-variable"},"_links":{"self":[{"href":"https:\/\/27-215.pl\/index.php\/wp-json\/wp\/v2\/product\/761","targetHints":{"allow":["GET"]}}],"collection":[{"href":"https:\/\/27-215.pl\/index.php\/wp-json\/wp\/v2\/product"}],"about":[{"href":"https:\/\/27-215.pl\/index.php\/wp-json\/wp\/v2\/types\/product"}],"wp:featuredmedia":[{"embeddable":true,"href":"https:\/\/27-215.pl\/index.php\/wp-json\/wp\/v2\/media\/762"}],"wp:attachment":[{"href":"https:\/\/27-215.pl\/index.php\/wp-json\/wp\/v2\/media?parent=761"}],"wp:term":[{"taxonomy":"product_brand","embeddable":true,"href":"https:\/\/27-215.pl\/index.php\/wp-json\/wp\/v2\/product_brand?post=761"},{"taxonomy":"product_cat","embeddable":true,"href":"https:\/\/27-215.pl\/index.php\/wp-json\/wp\/v2\/product_cat?post=761"},{"taxonomy":"product_tag","embeddable":true,"href":"https:\/\/27-215.pl\/index.php\/wp-json\/wp\/v2\/product_tag?post=761"}],"curies":[{"name":"wp","href":"https:\/\/api.w.org\/{rel}","templated":true}]}}