{"id":799,"date":"2025-06-15T23:04:32","date_gmt":"2025-06-15T21:04:32","guid":{"rendered":"https:\/\/www.27-215.pl\/?post_type=product&#038;p=799"},"modified":"2026-04-04T08:49:55","modified_gmt":"2026-04-04T06:49:55","slug":"cagrosept-do-dezynfekcji","status":"publish","type":"product","link":"https:\/\/27-215.pl\/index.php\/produkt\/cagrosept-do-dezynfekcji\/","title":{"rendered":"Cagrosept do dezynfekcji"},"content":{"rendered":"<p data-start=\"280\" data-end=\"625\"><strong data-start=\"280\" data-end=\"300\">Cagrosept 450 ml<\/strong> to gotowy do u\u017cycia preparat dezynfekuj\u0105cy na bazie alkoholu etylowego, przeznaczony do u\u017cytku w <strong data-start=\"402\" data-end=\"420\">pszczelarstwie<\/strong> \ud83d\udc1d. Doskonale sprawdza si\u0119 do <strong data-start=\"451\" data-end=\"531\">odka\u017cania d\u0142oni, narz\u0119dzi pszczelarskich, sprz\u0119tu oraz powierzchni roboczych<\/strong>. Wyposa\u017cony w <strong data-start=\"546\" data-end=\"569\">praktyczny atomizer<\/strong>, u\u0142atwia aplikacj\u0119 bez potrzeby dodatkowych akcesori\u00f3w.<\/p>\n<p data-start=\"627\" data-end=\"889\">\u2705 <strong data-start=\"629\" data-end=\"663\">Zawiera alkohol etylowy<\/strong>\u00a0\u2013 szybkie dzia\u0142anie biob\u00f3jcze<br data-start=\"693\" data-end=\"696\" \/>\u2705 <strong data-start=\"698\" data-end=\"720\">Idealny do pasieki<\/strong> \u2013 odka\u017canie d\u0142uta, r\u0119kawic, r\u0105k i sprz\u0119tu<br data-start=\"762\" data-end=\"765\" \/>\u2705 <strong data-start=\"767\" data-end=\"787\">Wygodny atomizer<\/strong> \u2013 precyzyjne dozowanie bez marnowania p\u0142ynu<br data-start=\"831\" data-end=\"834\" \/>\u2705 <strong data-start=\"836\" data-end=\"870\">Bez konieczno\u015bci rozcie\u0144czania<\/strong> \u2013 gotowy do u\u017cycia<\/p>\n","protected":false},"excerpt":{"rendered":"<p>Cagrosept 450 ml to gotowy do u\u017cycia preparat dezynfekuj\u0105cy na bazie alkoholu etylowego, przeznaczony do u\u017cytku w pszczelarstwie \ud83d\udc1d. Doskonale sprawdza si\u0119 do odka\u017cania d\u0142oni, narz\u0119dzi pszczelarskich, sprz\u0119tu oraz powierzchni roboczych. Wyposa\u017cony w praktyczny atomizer, u\u0142atwia aplikacj\u0119 bez potrzeby dodatkowych akcesori\u00f3w. \u2705 Zawiera alkohol etylowy\u00a0\u2013 szybkie dzia\u0142anie biob\u00f3jcze\u2705 Idealny do pasieki \u2013 odka\u017canie d\u0142uta, r\u0119kawic, [&hellip;]<\/p>\n","protected":false},"featured_media":800,"template":"","meta":[],"product_brand":[],"product_cat":[36],"product_tag":[],"class_list":{"0":"post-799","1":"product","2":"type-product","3":"status-publish","4":"has-post-thumbnail","6":"product_cat-chemia-pszczelarska","8":"first","9":"outofstock","10":"taxable","11":"shipping-taxable","12":"purchasable","13":"product-type-simple"},"_links":{"self":[{"href":"https:\/\/27-215.pl\/index.php\/wp-json\/wp\/v2\/product\/799","targetHints":{"allow":["GET"]}}],"collection":[{"href":"https:\/\/27-215.pl\/index.php\/wp-json\/wp\/v2\/product"}],"about":[{"href":"https:\/\/27-215.pl\/index.php\/wp-json\/wp\/v2\/types\/product"}],"wp:featuredmedia":[{"embeddable":true,"href":"https:\/\/27-215.pl\/index.php\/wp-json\/wp\/v2\/media\/800"}],"wp:attachment":[{"href":"https:\/\/27-215.pl\/index.php\/wp-json\/wp\/v2\/media?parent=799"}],"wp:term":[{"taxonomy":"product_brand","embeddable":true,"href":"https:\/\/27-215.pl\/index.php\/wp-json\/wp\/v2\/product_brand?post=799"},{"taxonomy":"product_cat","embeddable":true,"href":"https:\/\/27-215.pl\/index.php\/wp-json\/wp\/v2\/product_cat?post=799"},{"taxonomy":"product_tag","embeddable":true,"href":"https:\/\/27-215.pl\/index.php\/wp-json\/wp\/v2\/product_tag?post=799"}],"curies":[{"name":"wp","href":"https:\/\/api.w.org\/{rel}","templated":true}]}}