{"id":823,"date":"2025-06-18T00:18:11","date_gmt":"2025-06-17T22:18:11","guid":{"rendered":"https:\/\/www.27-215.pl\/?post_type=product&#038;p=823"},"modified":"2026-04-14T15:24:09","modified_gmt":"2026-04-14T13:24:09","slug":"kwas-mrowkowy-85-1l","status":"publish","type":"product","link":"https:\/\/27-215.pl\/index.php\/produkt\/kwas-mrowkowy-85-1l\/","title":{"rendered":"Kwas mr\u00f3wkowy 85% 1L"},"content":{"rendered":"<p><strong>Odczynnik chemiczny<\/strong><\/p>\n<p>Kwas mr\u00f3wkowy (E236) \u2013 organiczny zwi\u0105zek chemiczny, najprostszy kwas karboksylowy.<\/p>\n<p>Pojemno\u015b\u0107: 1 litr<\/p>\n","protected":false},"excerpt":{"rendered":"<p>Odczynnik chemiczny Kwas mr\u00f3wkowy (E236) \u2013 organiczny zwi\u0105zek chemiczny, najprostszy kwas karboksylowy. Pojemno\u015b\u0107: 1 litr<\/p>\n","protected":false},"featured_media":824,"template":"","meta":[],"product_brand":[],"product_cat":[36],"product_tag":[],"class_list":{"0":"post-823","1":"product","2":"type-product","3":"status-publish","4":"has-post-thumbnail","6":"product_cat-chemia-pszczelarska","7":"product_shipping_class-brak-wysylki","9":"first","10":"instock","11":"taxable","12":"shipping-taxable","13":"purchasable","14":"product-type-simple"},"_links":{"self":[{"href":"https:\/\/27-215.pl\/index.php\/wp-json\/wp\/v2\/product\/823","targetHints":{"allow":["GET"]}}],"collection":[{"href":"https:\/\/27-215.pl\/index.php\/wp-json\/wp\/v2\/product"}],"about":[{"href":"https:\/\/27-215.pl\/index.php\/wp-json\/wp\/v2\/types\/product"}],"wp:featuredmedia":[{"embeddable":true,"href":"https:\/\/27-215.pl\/index.php\/wp-json\/wp\/v2\/media\/824"}],"wp:attachment":[{"href":"https:\/\/27-215.pl\/index.php\/wp-json\/wp\/v2\/media?parent=823"}],"wp:term":[{"taxonomy":"product_brand","embeddable":true,"href":"https:\/\/27-215.pl\/index.php\/wp-json\/wp\/v2\/product_brand?post=823"},{"taxonomy":"product_cat","embeddable":true,"href":"https:\/\/27-215.pl\/index.php\/wp-json\/wp\/v2\/product_cat?post=823"},{"taxonomy":"product_tag","embeddable":true,"href":"https:\/\/27-215.pl\/index.php\/wp-json\/wp\/v2\/product_tag?post=823"}],"curies":[{"name":"wp","href":"https:\/\/api.w.org\/{rel}","templated":true}]}}