{"id":829,"date":"2025-06-18T21:38:02","date_gmt":"2025-06-18T19:38:02","guid":{"rendered":"https:\/\/www.27-215.pl\/?post_type=product&#038;p=829"},"modified":"2026-04-04T08:50:31","modified_gmt":"2026-04-04T06:50:31","slug":"biofaktor-apilac-100g","status":"publish","type":"product","link":"https:\/\/27-215.pl\/index.php\/produkt\/biofaktor-apilac-100g\/","title":{"rendered":"BIOfaktor Apilac 100g"},"content":{"rendered":"<p>Apilac jest preparatem od\u017cywczym z \u017cywymi kulturami bakterii korzystnych dla pszcz\u00f3\u0142. Bakterie te kolonizuj\u0105 przew\u00f3d pokarmowy pszcz\u00f3\u0142 oraz powoduj\u0105 fermentacj\u0119 mlekow\u0105 pierzgi (konserwacj\u0119 pierzgi). Preparat zawiera niezb\u0119dne dla pszcz\u00f3\u0142 witaminy z grupy B, wskazane zw\u0142aszcza w od\u017cywianiu matek i w pokarmie dla larw pszczelich. Dodatek witaminy C poprawia walory smakowe i zwi\u0119ksza tempo pobierania pokarmu przez pszczo\u0142y. Apilac usprawnia procesy trawienne, ogranicza rozw\u00f3j drobnoustroj\u00f3w chorobotw\u00f3rczych, a tak\u017ce odgrywa zasadnicz\u0105 rol\u0119 w procesie odtruwania przez rozk\u0142ad niepo\u017c\u0105danych sk\u0142adnik\u00f3w pochodzenia ro\u015blinnego.<\/p>\n<p>Regularne i kontrolowane podawanie pszczo\u0142om bakterii produkuj\u0105cych kwas mlekowy, przyczynia si\u0119 do poprawy kondycji i sprawno\u015bci fizjologicznej oraz prze\u017cywalno\u015bci pszcz\u00f3\u0142. Bakterie odpowiedzialne za przebieg fermentacji mlekowej mog\u0105 wspomaga\u0107 profilaktyk\u0119 chor\u00f3b czerwiu i pszcz\u00f3\u0142 doros\u0142ych.<\/p>\n","protected":false},"excerpt":{"rendered":"<p>Apilac jest preparatem od\u017cywczym z \u017cywymi kulturami bakterii korzystnych dla pszcz\u00f3\u0142. Bakterie te kolonizuj\u0105 przew\u00f3d pokarmowy pszcz\u00f3\u0142 oraz powoduj\u0105 fermentacj\u0119 mlekow\u0105 pierzgi (konserwacj\u0119 pierzgi). Preparat zawiera niezb\u0119dne dla pszcz\u00f3\u0142 witaminy z grupy B, wskazane zw\u0142aszcza w od\u017cywianiu matek i w pokarmie dla larw pszczelich. Dodatek witaminy C poprawia walory smakowe i zwi\u0119ksza tempo pobierania pokarmu [&hellip;]<\/p>\n","protected":false},"featured_media":830,"template":"","meta":[],"product_brand":[],"product_cat":[35],"product_tag":[],"class_list":{"0":"post-829","1":"product","2":"type-product","3":"status-publish","4":"has-post-thumbnail","6":"product_cat-dodatki-paszowe","8":"first","9":"outofstock","10":"taxable","11":"shipping-taxable","12":"purchasable","13":"product-type-simple"},"_links":{"self":[{"href":"https:\/\/27-215.pl\/index.php\/wp-json\/wp\/v2\/product\/829","targetHints":{"allow":["GET"]}}],"collection":[{"href":"https:\/\/27-215.pl\/index.php\/wp-json\/wp\/v2\/product"}],"about":[{"href":"https:\/\/27-215.pl\/index.php\/wp-json\/wp\/v2\/types\/product"}],"wp:featuredmedia":[{"embeddable":true,"href":"https:\/\/27-215.pl\/index.php\/wp-json\/wp\/v2\/media\/830"}],"wp:attachment":[{"href":"https:\/\/27-215.pl\/index.php\/wp-json\/wp\/v2\/media?parent=829"}],"wp:term":[{"taxonomy":"product_brand","embeddable":true,"href":"https:\/\/27-215.pl\/index.php\/wp-json\/wp\/v2\/product_brand?post=829"},{"taxonomy":"product_cat","embeddable":true,"href":"https:\/\/27-215.pl\/index.php\/wp-json\/wp\/v2\/product_cat?post=829"},{"taxonomy":"product_tag","embeddable":true,"href":"https:\/\/27-215.pl\/index.php\/wp-json\/wp\/v2\/product_tag?post=829"}],"curies":[{"name":"wp","href":"https:\/\/api.w.org\/{rel}","templated":true}]}}