{"id":84,"date":"2024-12-12T16:42:59","date_gmt":"2024-12-12T15:42:59","guid":{"rendered":"https:\/\/www.27-215.pl\/?post_type=product&#038;p=84"},"modified":"2026-04-23T16:34:54","modified_gmt":"2026-04-23T14:34:54","slug":"miodosytnictwo","status":"publish","type":"product","link":"https:\/\/27-215.pl\/index.php\/produkt\/miodosytnictwo\/","title":{"rendered":"Miodosytnictwo"},"content":{"rendered":"<p>Teofil Ciesielski by\u0142 uznanym botanikiem i pszczelarzem, propagatorem win produkowanych z mieszaniny miodu i owoc\u00f3w. Swoje do\u015bwiadczenia na tym polu opisa\u0142 w\u0142a\u015bnie w Miodosytnictwie, kt\u00f3re cieszy\u0142o si\u0119 \u00f3wcze\u015bnie spor\u0105 popularno\u015bci\u0105 pomimo, \u017ce komisje na wszelakich wystawach nie uznawa\u0142y tego rodzaju trunk\u00f3w za godne uwagi. Zarzucano im wr\u0119cz, \u017ce tr\u0105c\u0105 miodem cho\u0107 autor niejednokrotnie udowodni\u0142, podaj\u0105c im jednocze\u015bnie uznane gatunki wina, \u017ce komisje te (cho\u0107 w icj sk\u0142ad wchodzili ludzie znaj\u0105cy si\u0119 na rzeczy) z racji samego uprzedzenia nastawia\u0142y si\u0119 z g\u00f3ry negatywnie do jego miod\u00f3w. Dzi\u015b napitki alkoholowe na bazie miodu i owoc\u00f3w ciesz\u0105 si\u0119 zas\u0142u\u017con\u0105 renom\u0105 i uznaniem. Szczeg\u00f3lnie te, wyrabiane sprawdzonymi, starymi sposobami krzepi\u0105 cia\u0142o i umys\u0142, rozgrzewaj\u0105 po jesiennych i zimowych spacerach. Wszak szeroko znane s\u0105 lecznicze w\u0142a\u015bciwo\u015bci miodu pszczelego i miod\u00f3w pitnych. Aby przybli\u017cy\u0107 wszystkim sztuk\u0119 przerabiania miodu i owoc\u00f3w na napoje \u2013 wykonali\u015bmy reprint Miodosytnictwa.<\/p>\n<p>Autor: Ciesielski Teofil<br \/>\nRok wydania oryg.: 1892<br \/>\nOprawa: mi\u0119kka<br \/>\nStrony: 142<br \/>\nWymiary: 142 x 202 mm<br \/>\nZdj\u0119cie ksi\u0105\u017cki pogl\u0105dowe<br \/>\nISBN: 9788378674221<\/p>\n","protected":false},"excerpt":{"rendered":"<p>Teofil Ciesielski by\u0142 uznanym botanikiem i pszczelarzem, propagatorem win produkowanych z mieszaniny miodu i owoc\u00f3w. Swoje do\u015bwiadczenia na tym polu opisa\u0142 w\u0142a\u015bnie w Miodosytnictwie, kt\u00f3re cieszy\u0142o si\u0119 \u00f3wcze\u015bnie spor\u0105 popularno\u015bci\u0105 pomimo, \u017ce komisje na wszelakich wystawach nie uznawa\u0142y tego rodzaju trunk\u00f3w za godne uwagi. Zarzucano im wr\u0119cz, \u017ce tr\u0105c\u0105 miodem cho\u0107 autor niejednokrotnie udowodni\u0142, podaj\u0105c [&hellip;]<\/p>\n","protected":false},"featured_media":85,"template":"","meta":[],"product_brand":[],"product_cat":[18],"product_tag":[],"class_list":{"0":"post-84","1":"product","2":"type-product","3":"status-publish","4":"has-post-thumbnail","6":"product_cat-literatura","8":"first","9":"instock","10":"taxable","11":"shipping-taxable","12":"purchasable","13":"product-type-simple"},"_links":{"self":[{"href":"https:\/\/27-215.pl\/index.php\/wp-json\/wp\/v2\/product\/84","targetHints":{"allow":["GET"]}}],"collection":[{"href":"https:\/\/27-215.pl\/index.php\/wp-json\/wp\/v2\/product"}],"about":[{"href":"https:\/\/27-215.pl\/index.php\/wp-json\/wp\/v2\/types\/product"}],"wp:featuredmedia":[{"embeddable":true,"href":"https:\/\/27-215.pl\/index.php\/wp-json\/wp\/v2\/media\/85"}],"wp:attachment":[{"href":"https:\/\/27-215.pl\/index.php\/wp-json\/wp\/v2\/media?parent=84"}],"wp:term":[{"taxonomy":"product_brand","embeddable":true,"href":"https:\/\/27-215.pl\/index.php\/wp-json\/wp\/v2\/product_brand?post=84"},{"taxonomy":"product_cat","embeddable":true,"href":"https:\/\/27-215.pl\/index.php\/wp-json\/wp\/v2\/product_cat?post=84"},{"taxonomy":"product_tag","embeddable":true,"href":"https:\/\/27-215.pl\/index.php\/wp-json\/wp\/v2\/product_tag?post=84"}],"curies":[{"name":"wp","href":"https:\/\/api.w.org\/{rel}","templated":true}]}}