{"id":902,"date":"2025-06-24T23:05:40","date_gmt":"2025-06-24T21:05:40","guid":{"rendered":"https:\/\/www.27-215.pl\/?post_type=product&#038;p=902"},"modified":"2026-04-22T12:13:47","modified_gmt":"2026-04-22T10:13:47","slug":"tulejki-przelotki-kabzelki","status":"publish","type":"product","link":"https:\/\/27-215.pl\/index.php\/produkt\/tulejki-przelotki-kabzelki\/","title":{"rendered":"Tulejki, przelotki, kabzelki"},"content":{"rendered":"<p>Ma\u0142e przelotki do drutu wykonane z mosi\u0105dzu. Przy naci\u0105ganiu drutu w ramkach zapobiegaj\u0105 wcinaniu si\u0119 drutu w ramk\u0119 je\u017celi jest wykonana z mi\u0119kkiego drewna. Znacznie skracaj\u0105 proces drutowania ramek oraz naci\u0105gania drutu.<\/p>\n<p>Opakowanie : 500 sztuk (\u00b1 2%)<\/p>\n","protected":false},"excerpt":{"rendered":"<p>Ma\u0142e przelotki do drutu wykonane z mosi\u0105dzu. Przy naci\u0105ganiu drutu w ramkach zapobiegaj\u0105 wcinaniu si\u0119 drutu w ramk\u0119 je\u017celi jest wykonana z mi\u0119kkiego drewna. Znacznie skracaj\u0105 proces drutowania ramek oraz naci\u0105gania drutu. Opakowanie : 500 sztuk (\u00b1 2%)<\/p>\n","protected":false},"featured_media":907,"template":"","meta":[],"product_brand":[],"product_cat":[55],"product_tag":[],"class_list":{"0":"post-902","1":"product","2":"type-product","3":"status-publish","4":"has-post-thumbnail","6":"product_cat-ramki","8":"first","9":"instock","10":"taxable","11":"shipping-taxable","12":"purchasable","13":"product-type-variable"},"_links":{"self":[{"href":"https:\/\/27-215.pl\/index.php\/wp-json\/wp\/v2\/product\/902","targetHints":{"allow":["GET"]}}],"collection":[{"href":"https:\/\/27-215.pl\/index.php\/wp-json\/wp\/v2\/product"}],"about":[{"href":"https:\/\/27-215.pl\/index.php\/wp-json\/wp\/v2\/types\/product"}],"wp:featuredmedia":[{"embeddable":true,"href":"https:\/\/27-215.pl\/index.php\/wp-json\/wp\/v2\/media\/907"}],"wp:attachment":[{"href":"https:\/\/27-215.pl\/index.php\/wp-json\/wp\/v2\/media?parent=902"}],"wp:term":[{"taxonomy":"product_brand","embeddable":true,"href":"https:\/\/27-215.pl\/index.php\/wp-json\/wp\/v2\/product_brand?post=902"},{"taxonomy":"product_cat","embeddable":true,"href":"https:\/\/27-215.pl\/index.php\/wp-json\/wp\/v2\/product_cat?post=902"},{"taxonomy":"product_tag","embeddable":true,"href":"https:\/\/27-215.pl\/index.php\/wp-json\/wp\/v2\/product_tag?post=902"}],"curies":[{"name":"wp","href":"https:\/\/api.w.org\/{rel}","templated":true}]}}