{"id":920,"date":"2025-06-27T13:07:29","date_gmt":"2025-06-27T11:07:29","guid":{"rendered":"https:\/\/www.27-215.pl\/?post_type=product&#038;p=920"},"modified":"2026-04-04T08:50:51","modified_gmt":"2026-04-04T06:50:51","slug":"sito-pajak-do-powalki-lub-dennicy","status":"publish","type":"product","link":"https:\/\/27-215.pl\/index.php\/produkt\/sito-pajak-do-powalki-lub-dennicy\/","title":{"rendered":"Sito-paj\u0105k do powa\u0142ki lub dennicy"},"content":{"rendered":"<p data-start=\"261\" data-end=\"622\"><strong data-start=\"282\" data-end=\"296\">Sito-paj\u0105k<\/strong> to praktyczny element pasieczny montowany w powa\u0142ce lub dennicy, kt\u00f3ry zapewnia doskona\u0142\u0105 <strong data-start=\"387\" data-end=\"401\">wentylacj\u0119<\/strong> wewn\u0105trz ula oraz <strong data-start=\"420\" data-end=\"431\">ochron\u0119<\/strong> przed niepo\u017c\u0105danymi intruzami, takimi jak gryzonie czy wi\u0119ksze owady. Produkt jest \u0142atwy w monta\u017cu (wymaga otworu <b>\u2300<\/b>89) i wyj\u0105tkowo trwa\u0142y w u\u017cytkowaniu.<\/p>\n<p data-start=\"624\" data-end=\"838\">\u2705 Zwi\u0119ksza cyrkulacj\u0119 powietrza w ulu<br data-start=\"661\" data-end=\"664\" \/>\u2705 Chroni przed gryzoniami i szkodnikami<br data-start=\"703\" data-end=\"706\" \/>\u2705 Pasuje do wi\u0119kszo\u015bci powa\u0142ek i dennic<br data-start=\"745\" data-end=\"748\" \/>\u2705 Solidne wykonanie z wytrzyma\u0142ego plastiku<\/p>\n","protected":false},"excerpt":{"rendered":"<p>Sito-paj\u0105k to praktyczny element pasieczny montowany w powa\u0142ce lub dennicy, kt\u00f3ry zapewnia doskona\u0142\u0105 wentylacj\u0119 wewn\u0105trz ula oraz ochron\u0119 przed niepo\u017c\u0105danymi intruzami, takimi jak gryzonie czy wi\u0119ksze owady. Produkt jest \u0142atwy w monta\u017cu (wymaga otworu \u230089) i wyj\u0105tkowo trwa\u0142y w u\u017cytkowaniu. \u2705 Zwi\u0119ksza cyrkulacj\u0119 powietrza w ulu\u2705 Chroni przed gryzoniami i szkodnikami\u2705 Pasuje do wi\u0119kszo\u015bci powa\u0142ek [&hellip;]<\/p>\n","protected":false},"featured_media":921,"template":"","meta":[],"product_brand":[],"product_cat":[41],"product_tag":[],"class_list":{"0":"post-920","1":"product","2":"type-product","3":"status-publish","4":"has-post-thumbnail","6":"product_cat-inne","8":"first","9":"outofstock","10":"taxable","11":"shipping-taxable","12":"purchasable","13":"product-type-simple"},"_links":{"self":[{"href":"https:\/\/27-215.pl\/index.php\/wp-json\/wp\/v2\/product\/920","targetHints":{"allow":["GET"]}}],"collection":[{"href":"https:\/\/27-215.pl\/index.php\/wp-json\/wp\/v2\/product"}],"about":[{"href":"https:\/\/27-215.pl\/index.php\/wp-json\/wp\/v2\/types\/product"}],"wp:featuredmedia":[{"embeddable":true,"href":"https:\/\/27-215.pl\/index.php\/wp-json\/wp\/v2\/media\/921"}],"wp:attachment":[{"href":"https:\/\/27-215.pl\/index.php\/wp-json\/wp\/v2\/media?parent=920"}],"wp:term":[{"taxonomy":"product_brand","embeddable":true,"href":"https:\/\/27-215.pl\/index.php\/wp-json\/wp\/v2\/product_brand?post=920"},{"taxonomy":"product_cat","embeddable":true,"href":"https:\/\/27-215.pl\/index.php\/wp-json\/wp\/v2\/product_cat?post=920"},{"taxonomy":"product_tag","embeddable":true,"href":"https:\/\/27-215.pl\/index.php\/wp-json\/wp\/v2\/product_tag?post=920"}],"curies":[{"name":"wp","href":"https:\/\/api.w.org\/{rel}","templated":true}]}}