{"id":932,"date":"2025-07-07T18:02:32","date_gmt":"2025-07-07T16:02:32","guid":{"rendered":"https:\/\/www.27-215.pl\/?post_type=product&#038;p=932"},"modified":"2026-04-04T08:50:56","modified_gmt":"2026-04-04T06:50:56","slug":"krotki-poradnik-o-produkcji-swiec","status":"publish","type":"product","link":"https:\/\/27-215.pl\/index.php\/produkt\/krotki-poradnik-o-produkcji-swiec\/","title":{"rendered":"Kr\u00f3tki poradnik o produkcji \u015bwiec"},"content":{"rendered":"<p>Kr\u00f3tki poradnik o produkcji \u015bwiec z wosku pszczelego, powinien znale\u017a\u0107 si\u0119 na p\u00f3\u0142ce ka\u017cdego pasjonata rob\u00f3tek r\u0119cznych. W \u015brodku znajdziesz nie tylko jak krok po kroku wykona\u0107 \u015bwiece z w\u0119\u017cy, nurzane czy z formy, lecz r\u00f3wnie\u017c wskaz\u00f3wki, kt\u00f3re pomog\u0105 Ci wyeliminowa\u0107 najcz\u0119\u015bciej pope\u0142niane b\u0142\u0119dy. Broszurka jest pe\u0142na porad wa\u017cnych zw\u0142aszcza w sytuacjach kryzy\u00adsowych, takich jak zabrudzenie ulubionego ubrania woskiem czy wybuch po\u017caru i poparzenia. Ponadto pozycja zawiera informacje o w\u0142a\u015bciwo\u015bciach wosku pszczelego i jego wykorzystaniu w historii ludzko\u015bci.<\/p>\n<p>Tre\u015b\u0107 jest podana prostym i lekkim j\u0119zykiem, dzi\u0119ki czemu lektura jest bardzo przyjemna. Nie wa\u017cne czy dopiero zaczynasz, czy ju\u017c odkry\u0142e\u015b tajniki produkcji \u015bwiec z wosku pszczelego &#8211; ta broszura jest dla Ciebie!<\/p>\n<p>Wydawnictwo: BEE &#038; HONEY<br \/>\nAutor: Martyna Walerowicz<br \/>\nRok wydania: 2019<br \/>\nLiczba stron : 23<br \/>\nOprawa: mi\u0119kka<br \/>\nWymiary: 145 x 200 mm<br \/>\nZdj\u0119cie ksi\u0105\u017cki pogl\u0105dowe<br \/>\nISBN: 978-83-947516-9-2<\/p>\n","protected":false},"excerpt":{"rendered":"<p>Kr\u00f3tki poradnik o produkcji \u015bwiec z wosku pszczelego, powinien znale\u017a\u0107 si\u0119 na p\u00f3\u0142ce ka\u017cdego pasjonata rob\u00f3tek r\u0119cznych. W \u015brodku znajdziesz nie tylko jak krok po kroku wykona\u0107 \u015bwiece z w\u0119\u017cy, nurzane czy z formy, lecz r\u00f3wnie\u017c wskaz\u00f3wki, kt\u00f3re pomog\u0105 Ci wyeliminowa\u0107 najcz\u0119\u015bciej pope\u0142niane b\u0142\u0119dy. Broszurka jest pe\u0142na porad wa\u017cnych zw\u0142aszcza w sytuacjach kryzy\u00adsowych, takich jak [&hellip;]<\/p>\n","protected":false},"featured_media":933,"template":"","meta":[],"product_brand":[],"product_cat":[18],"product_tag":[],"class_list":{"0":"post-932","1":"product","2":"type-product","3":"status-publish","4":"has-post-thumbnail","6":"product_cat-literatura","8":"first","9":"outofstock","10":"taxable","11":"shipping-taxable","12":"purchasable","13":"product-type-simple"},"_links":{"self":[{"href":"https:\/\/27-215.pl\/index.php\/wp-json\/wp\/v2\/product\/932","targetHints":{"allow":["GET"]}}],"collection":[{"href":"https:\/\/27-215.pl\/index.php\/wp-json\/wp\/v2\/product"}],"about":[{"href":"https:\/\/27-215.pl\/index.php\/wp-json\/wp\/v2\/types\/product"}],"wp:featuredmedia":[{"embeddable":true,"href":"https:\/\/27-215.pl\/index.php\/wp-json\/wp\/v2\/media\/933"}],"wp:attachment":[{"href":"https:\/\/27-215.pl\/index.php\/wp-json\/wp\/v2\/media?parent=932"}],"wp:term":[{"taxonomy":"product_brand","embeddable":true,"href":"https:\/\/27-215.pl\/index.php\/wp-json\/wp\/v2\/product_brand?post=932"},{"taxonomy":"product_cat","embeddable":true,"href":"https:\/\/27-215.pl\/index.php\/wp-json\/wp\/v2\/product_cat?post=932"},{"taxonomy":"product_tag","embeddable":true,"href":"https:\/\/27-215.pl\/index.php\/wp-json\/wp\/v2\/product_tag?post=932"}],"curies":[{"name":"wp","href":"https:\/\/api.w.org\/{rel}","templated":true}]}}