{"id":934,"date":"2025-07-07T18:14:52","date_gmt":"2025-07-07T16:14:52","guid":{"rendered":"https:\/\/www.27-215.pl\/?post_type=product&#038;p=934"},"modified":"2026-04-04T08:50:54","modified_gmt":"2026-04-04T06:50:54","slug":"jak-zintegrowanymi-metodami-walczyc-z-warroza","status":"publish","type":"product","link":"https:\/\/27-215.pl\/index.php\/produkt\/jak-zintegrowanymi-metodami-walczyc-z-warroza\/","title":{"rendered":"Jak zintegrowanymi metodami walczy\u0107 z warroz\u0105"},"content":{"rendered":"<p>Ksi\u0105\u017cka \u201eJak zintegrowanymi metodami walczy\u0107 z varroz\u0105\u201d autorstwa Eugeniusza Marciniaka to praktyczny przewodnik dla pszczelarzy, kt\u00f3rzy chc\u0105 skutecznie zwalcza\u0107 paso\u017cyta pszcz\u00f3\u0142 \u2013 varroa destructor.<\/p>\n<p data-start=\"314\" data-end=\"333\"><strong data-start=\"314\" data-end=\"333\">Dlaczego warto?<\/strong><\/p>\n<ul data-start=\"334\" data-end=\"453\">\n<li data-start=\"334\" data-end=\"373\">\n<p data-start=\"336\" data-end=\"373\"><span class=\"relative -mx-px my-[-0.2rem] rounded px-px py-[0.2rem] transition-colors duration-100 ease-in-out\">Zawiera szczeg\u00f3\u0142owy <em data-start=\"20\" data-end=\"35\">plan leczenia<\/em> na ca\u0142y sezon \u2013 graficzne schematy i kalendarz zabieg\u00f3w.<\/span><\/p>\n<\/li>\n<li data-start=\"374\" data-end=\"413\">\n<p data-start=\"376\" data-end=\"413\"><span class=\"relative -mx-px my-[-0.2rem] rounded px-px py-[0.2rem] transition-colors duration-100 ease-in-out\">Opisuje trzy grupy metod: <strong data-start=\"26\" data-end=\"43\">biotechniczne<\/strong>, <strong data-start=\"45\" data-end=\"72\">chemiczne z czerwieniem<\/strong> oraz <strong data-start=\"78\" data-end=\"106\">chemiczne bez czerwienia<\/strong>.<\/span><\/p>\n<\/li>\n<li data-start=\"414\" data-end=\"453\">\n<p data-start=\"416\" data-end=\"453\"><span class=\"relative -mx-px my-[-0.2rem] rounded px-px py-[0.2rem] transition-colors duration-100 ease-in-out\">Taksonomiczne podej\u015bcie: diagnoza (wk\u0142adka dennicowa, p\u0142ukanie), ocena stopnia pora\u017cenia, metody leczenia.<\/span><\/p>\n<\/li>\n<\/ul>\n<p>&nbsp;<\/p>\n<p>Autor: Eugeniusz Marciniak<br \/>\nWydawnictwo: Fundacja Pomocy Cz\u0142owiekowi i \u015arodowisku \u201cHumana Divinis\u201d<br \/>\nRok wydania: 2021<br \/>\nLiczba stron : 32<br \/>\nOprawa: mi\u0119kka<br \/>\nWymiary: 23,5 x 17 cm<br \/>\nZdj\u0119cie ksi\u0105\u017cki pogl\u0105dowe<br \/>\nISBN: 978-83-60152-09-8<\/p>\n","protected":false},"excerpt":{"rendered":"<p>Ksi\u0105\u017cka \u201eJak zintegrowanymi metodami walczy\u0107 z varroz\u0105\u201d autorstwa Eugeniusza Marciniaka to praktyczny przewodnik dla pszczelarzy, kt\u00f3rzy chc\u0105 skutecznie zwalcza\u0107 paso\u017cyta pszcz\u00f3\u0142 \u2013 varroa destructor. Dlaczego warto? Zawiera szczeg\u00f3\u0142owy plan leczenia na ca\u0142y sezon \u2013 graficzne schematy i kalendarz zabieg\u00f3w. Opisuje trzy grupy metod: biotechniczne, chemiczne z czerwieniem oraz chemiczne bez czerwienia. Taksonomiczne podej\u015bcie: diagnoza (wk\u0142adka [&hellip;]<\/p>\n","protected":false},"featured_media":935,"template":"","meta":[],"product_brand":[],"product_cat":[18],"product_tag":[],"class_list":{"0":"post-934","1":"product","2":"type-product","3":"status-publish","4":"has-post-thumbnail","6":"product_cat-literatura","8":"first","9":"instock","10":"taxable","11":"shipping-taxable","12":"purchasable","13":"product-type-simple"},"_links":{"self":[{"href":"https:\/\/27-215.pl\/index.php\/wp-json\/wp\/v2\/product\/934","targetHints":{"allow":["GET"]}}],"collection":[{"href":"https:\/\/27-215.pl\/index.php\/wp-json\/wp\/v2\/product"}],"about":[{"href":"https:\/\/27-215.pl\/index.php\/wp-json\/wp\/v2\/types\/product"}],"wp:featuredmedia":[{"embeddable":true,"href":"https:\/\/27-215.pl\/index.php\/wp-json\/wp\/v2\/media\/935"}],"wp:attachment":[{"href":"https:\/\/27-215.pl\/index.php\/wp-json\/wp\/v2\/media?parent=934"}],"wp:term":[{"taxonomy":"product_brand","embeddable":true,"href":"https:\/\/27-215.pl\/index.php\/wp-json\/wp\/v2\/product_brand?post=934"},{"taxonomy":"product_cat","embeddable":true,"href":"https:\/\/27-215.pl\/index.php\/wp-json\/wp\/v2\/product_cat?post=934"},{"taxonomy":"product_tag","embeddable":true,"href":"https:\/\/27-215.pl\/index.php\/wp-json\/wp\/v2\/product_tag?post=934"}],"curies":[{"name":"wp","href":"https:\/\/api.w.org\/{rel}","templated":true}]}}