{"id":944,"date":"2025-07-07T20:20:24","date_gmt":"2025-07-07T18:20:24","guid":{"rendered":"https:\/\/www.27-215.pl\/?post_type=product&#038;p=944"},"modified":"2026-04-14T14:30:00","modified_gmt":"2026-04-14T12:30:00","slug":"dluto-nierdzewne-z-rozpierakiem-w-oprawie","status":"publish","type":"product","link":"https:\/\/27-215.pl\/index.php\/produkt\/dluto-nierdzewne-z-rozpierakiem-w-oprawie\/","title":{"rendered":"D\u0142uto nierdzewne z rozpierakiem w oprawie"},"content":{"rendered":"<div class=\"woocommerce-tabs wc-tabs-wrapper\">\n<div id=\"tab-description\" class=\"woocommerce-Tabs-panel woocommerce-Tabs-panel--description panel entry-content wc-tab\" role=\"tabpanel\" aria-labelledby=\"tab-title-description\">\n<p>D\u0142uto nierdzewne z rozpierakiem.<\/p>\n<p>D\u0142ugo\u015b\u0107 ca\u0142kowita: 20 cm<br \/>\nSzeroko\u015b\u0107 ostrza: 3,5 cm<\/p>\n<\/div>\n<\/div>\n","protected":false},"excerpt":{"rendered":"<p>D\u0142uto nierdzewne z rozpierakiem. D\u0142ugo\u015b\u0107 ca\u0142kowita: 20 cm Szeroko\u015b\u0107 ostrza: 3,5 cm<\/p>\n","protected":false},"featured_media":945,"template":"","meta":[],"product_brand":[],"product_cat":[57],"product_tag":[],"class_list":{"0":"post-944","1":"product","2":"type-product","3":"status-publish","4":"has-post-thumbnail","6":"product_cat-dluta","8":"first","9":"instock","10":"taxable","11":"shipping-taxable","12":"purchasable","13":"product-type-simple"},"_links":{"self":[{"href":"https:\/\/27-215.pl\/index.php\/wp-json\/wp\/v2\/product\/944","targetHints":{"allow":["GET"]}}],"collection":[{"href":"https:\/\/27-215.pl\/index.php\/wp-json\/wp\/v2\/product"}],"about":[{"href":"https:\/\/27-215.pl\/index.php\/wp-json\/wp\/v2\/types\/product"}],"wp:featuredmedia":[{"embeddable":true,"href":"https:\/\/27-215.pl\/index.php\/wp-json\/wp\/v2\/media\/945"}],"wp:attachment":[{"href":"https:\/\/27-215.pl\/index.php\/wp-json\/wp\/v2\/media?parent=944"}],"wp:term":[{"taxonomy":"product_brand","embeddable":true,"href":"https:\/\/27-215.pl\/index.php\/wp-json\/wp\/v2\/product_brand?post=944"},{"taxonomy":"product_cat","embeddable":true,"href":"https:\/\/27-215.pl\/index.php\/wp-json\/wp\/v2\/product_cat?post=944"},{"taxonomy":"product_tag","embeddable":true,"href":"https:\/\/27-215.pl\/index.php\/wp-json\/wp\/v2\/product_tag?post=944"}],"curies":[{"name":"wp","href":"https:\/\/api.w.org\/{rel}","templated":true}]}}