{"id":974,"date":"2025-07-29T12:30:34","date_gmt":"2025-07-29T10:30:34","guid":{"rendered":"https:\/\/www.27-215.pl\/?post_type=product&#038;p=974"},"modified":"2026-04-04T08:52:36","modified_gmt":"2026-04-04T06:52:36","slug":"apifood-15kg","status":"publish","type":"product","link":"https:\/\/27-215.pl\/index.php\/produkt\/apifood-15kg\/","title":{"rendered":"Apifood 15kg"},"content":{"rendered":"<p>Gotowy produkt do podania pszczo\u0142om, nie trzeba rozpuszcza\u0107, miesza\u0107, podgrzewa\u0107.<\/p>\n<p>Dzi\u0119ki odpowiednio dobranemu stosunkowi fruktozy i pozosta\u0142ych cukr\u00f3w Apifood mimo wysokiej suchej masy \u0142atwo si\u0119 nalewa do podkarmiaczek Apifood w przeciwie\u0144stwie do syrop\u00f3w pochodz\u0105cych z buraka cukrowego jest bezzapachowy, dzi\u0119ki czemu podczas poddawania przy zachowaniu ostro\u017cno\u015bci nie wywo\u0142uje rabunk\u00f3w w pasiece mo\u017cna podkarmia\u0107 w dzie\u0144 i dokarmia\u0107 odk\u0142ady w sezonie.<\/p>\n<p>Ponad 60% w sk\u0142adzie to cukry proste, pozosta\u0142e cukry znajduj\u0105ce si\u0119 w syropie Apifood rozk\u0142adane s\u0105 do cukr\u00f3w prostych w trakcie sk\u0142adowania przez pszczo\u0142y w ramkach. Dzi\u0119ki wysokiej zawarto\u015bci suchej masy (78%) Apifood nie zmusza pszcz\u00f3\u0142 do odparowywania du\u017cych ilo\u015bci wody, na co potrzebna jest energia pochodz\u0105ca z pokarmu, pszczo\u0142y odpowiednio uk\u0142adaj\u0105 pokarm w ramkach.<\/p>\n<p>Do produkcji Apifood wykorzystywana jest polska niemodyfikowana genetycznie pszenica, skupowana bezpo\u015brednio od polskich rolnik\u00f3w. Zak\u0142ad produkuj\u0105cy Apifood otwarty jest na sugestie p\u0142yn\u0105ce od pszczelarzy, dzi\u0119ki czemu produkcja Apifood odbywa si\u0119 pod szczeg\u00f3lnym nadzorem technolog\u00f3w i pszczelarzy aby m\u00f3c dostarczy\u0107 najlepszy produkt.<\/p>\n<p>Sk\u0142ad:<br \/>\nSucha masa: 77-79 %<br \/>\nFruktoza 25-28 %<br \/>\nGlukoza 30-37%<br \/>\nMaltoza 17-24%<\/p>\n","protected":false},"excerpt":{"rendered":"<p>Gotowy produkt do podania pszczo\u0142om, nie trzeba rozpuszcza\u0107, miesza\u0107, podgrzewa\u0107. Dzi\u0119ki odpowiednio dobranemu stosunkowi fruktozy i pozosta\u0142ych cukr\u00f3w Apifood mimo wysokiej suchej masy \u0142atwo si\u0119 nalewa do podkarmiaczek Apifood w przeciwie\u0144stwie do syrop\u00f3w pochodz\u0105cych z buraka cukrowego jest bezzapachowy, dzi\u0119ki czemu podczas poddawania przy zachowaniu ostro\u017cno\u015bci nie wywo\u0142uje rabunk\u00f3w w pasiece mo\u017cna podkarmia\u0107 w dzie\u0144 [&hellip;]<\/p>\n","protected":false},"featured_media":975,"template":"","meta":[],"product_brand":[],"product_cat":[32],"product_tag":[],"class_list":{"0":"post-974","1":"product","2":"type-product","3":"status-publish","4":"has-post-thumbnail","6":"product_cat-pokarmy","7":"product_shipping_class-brak-wysylki","9":"first","10":"instock","11":"taxable","12":"shipping-taxable","13":"purchasable","14":"product-type-simple"},"_links":{"self":[{"href":"https:\/\/27-215.pl\/index.php\/wp-json\/wp\/v2\/product\/974","targetHints":{"allow":["GET"]}}],"collection":[{"href":"https:\/\/27-215.pl\/index.php\/wp-json\/wp\/v2\/product"}],"about":[{"href":"https:\/\/27-215.pl\/index.php\/wp-json\/wp\/v2\/types\/product"}],"wp:featuredmedia":[{"embeddable":true,"href":"https:\/\/27-215.pl\/index.php\/wp-json\/wp\/v2\/media\/975"}],"wp:attachment":[{"href":"https:\/\/27-215.pl\/index.php\/wp-json\/wp\/v2\/media?parent=974"}],"wp:term":[{"taxonomy":"product_brand","embeddable":true,"href":"https:\/\/27-215.pl\/index.php\/wp-json\/wp\/v2\/product_brand?post=974"},{"taxonomy":"product_cat","embeddable":true,"href":"https:\/\/27-215.pl\/index.php\/wp-json\/wp\/v2\/product_cat?post=974"},{"taxonomy":"product_tag","embeddable":true,"href":"https:\/\/27-215.pl\/index.php\/wp-json\/wp\/v2\/product_tag?post=974"}],"curies":[{"name":"wp","href":"https:\/\/api.w.org\/{rel}","templated":true}]}}