{"id":982,"date":"2025-07-29T21:39:46","date_gmt":"2025-07-29T19:39:46","guid":{"rendered":"https:\/\/www.27-215.pl\/?post_type=product&#038;p=982"},"modified":"2026-04-14T17:02:26","modified_gmt":"2026-04-14T15:02:26","slug":"ulik-weselny","status":"publish","type":"product","link":"https:\/\/27-215.pl\/index.php\/produkt\/ulik-weselny\/","title":{"rendered":"Ulik weselny"},"content":{"rendered":"<h2>Ulik weselny dla pocz\u0105tkuj\u0105cych i do\u015bwiadczonych pszczelarzy<\/h2>\n<div>Je\u015bli chcesz nauczy\u0107 si\u0119 podstaw pszczelarstwa, to zaopatrz si\u0119 w gotowe\u00a0<strong>uliki weselne<\/strong>, kt\u00f3re pozwol\u0105 rozwin\u0105\u0107 t\u0119 jak\u017ce ciekaw\u0105 pasj\u0119. Produkty dost\u0119pne w naszej ofercie sprawdz\u0105 si\u0119 zatem nie tylko w przypadku pocz\u0105tkuj\u0105cych, ale i do\u015bwiadczonych pszczelarzy powi\u0119kszaj\u0105cych swoj\u0105 pasiek\u0119. Ponadto\u00a0<strong>ulik weselny<\/strong>\u00a0to \u015bwietne rozwi\u0105zanie, dzi\u0119ki kt\u00f3remu zaoszcz\u0119dzisz pieni\u0105dze i czas przeznaczony na dob\u00f3r pojedynczych element\u00f3w sk\u0142adowych. Gotowa konstrukcja to doskona\u0142y wyb\u00f3r dla adept\u00f3w niemaj\u0105cych zbyt du\u017cego do\u015bwiadczenia w pszczelarstwie.\u00a0<strong>Ulik weselny<\/strong>\u00a0polipropylenowy wyr\u00f3\u017cnia si\u0119 doskona\u0142\u0105 izolacj\u0105 ciepln\u0105, dzi\u0119ki czemu \u0142atwo jest utrzyma\u0107 w nim odpowiedni\u0105 temperatur\u0119. Jego lekka, a jednocze\u015bnie solidna konstrukcja u\u0142atwia transport i obs\u0142ug\u0119, nawet w trudniejszych warunkach terenowych. Postaw na\u00a0<strong>uliki weselne<\/strong>\u00a0przeznaczone do polskich uwarunkowa\u0144 klimatycznych i \u015brodowiskowych. Wysoka jako\u015b\u0107 naszych produkt\u00f3w gwarantowana!\n<\/div>\n<h2>Gotowy ulik weselny w atrakcyjnej cenie<\/h2>\n<div>Twoim marzeniem jest w\u0142asna hodowla pszcz\u00f3\u0142? Dopiero zaczynasz przygod\u0119 z pszczelarstwem? Je\u017celi tak, to na pocz\u0105tek zaopatrz si\u0119 w gotowy\u00a0<strong>ulik weselny<\/strong>. Jego\u00a0<strong>cena<\/strong>, wysokiej jako\u015bci materia\u0142 oraz szeroka dost\u0119pno\u015b\u0107 zdecydowanie przemawiaj\u0105 do zakupu. W zestawie znajduj\u0105 si\u0119: daszek, korpus, wlotka, podkarmiaczka, zasuwka, pokrywka i ramki, czyli elementy niezb\u0119dne do budowy domu dla pszcz\u00f3\u0142.\u00a0<strong>Uliki weselne<\/strong>\u00a0wyst\u0119puj\u0105 w przyst\u0119pnej\u00a0<strong>cenie<\/strong>, dlatego nie musisz przeznacza\u0107 du\u017cego bud\u017cetu na rozwijanie swojego pszczelarskiego hobby. Postaw na jako\u015b\u0107 i do\u015bwiadczenie Ule Wyrobek!\n<\/div>\n<h2>Uliki weselne \u2013 stabilna konstrukcja i wysoka jako\u015b\u0107<\/h2>\n<div>Prezentowany produkt to doskona\u0142y wyb\u00f3r dla os\u00f3b, kt\u00f3re jeszcze nabieraj\u0105 do\u015bwiadczenia w pszczelarstwie. Kupuj\u0105c\u00a0<strong>ulik weselny polipropylenowy<\/strong>, masz pewno\u015b\u0107 wysokiej jako\u015bci wykonania. Materia\u0142 ten charakteryzuje si\u0119 bowiem wytrzyma\u0142o\u015bci\u0105 oraz odporno\u015bci\u0105 na uszkodzenia mechaniczne. Ponadto EPP podlega procesowi recyklingu, wi\u0119c nasz produkt wpisuje si\u0119 we wsp\u00f3\u0142czesne ekotrendy. Uliki weselne polipropylenowe gwarantuj\u0105 pszczo\u0142om najlepsze warunki do rozwoju. Doskonale izoluj\u0105 termicznie, dzi\u0119ki czemu wewn\u0105trz panuje odpowiednia temperatura do wychowu pszczelich matek.\n<\/div>\n<h2>Sk\u0142ad ulika:<\/h2>\n<ul>\n<li>trzy plastikowe rameczki z wy\u017c\u0142obieniami do mocowania plasterk\u00f3w w\u0119zy,<\/li>\n<li>wyjmowana komora pokarmowa z elementem kraty odgrodowej zapobiegaj\u0105ca przedostaniu si\u0119 matki pszczelej do komory pokarmowej,<\/li>\n<li>wyci\u0105gana siatka wentylacyjna z przodu, regulowana przednia \u015bciana pozwalaj\u0105ca na otwarcie wlotu lub otwarcie przestrzeni wentylacyjnej,<\/li>\n<li>dodatkowa p\u0142yta wentylacyjna montowana w spodzie\u00a0<strong>ulika weselnego<\/strong>\u00a0z regulowanym elementem kraty odgrodowej.<\/li>\n<\/ul>\n<h2>Szerokie zastosowanie ulik\u00f3w weselnych<\/h2>\n<div><strong>Ulik weselny polipropylenowy\u00a0<\/strong>s\u0142u\u017cy g\u0142\u00f3wnie do wychowu matek pszczelich oraz przetrzymywania ich tam do czasu unasienniania. Mo\u017cna go r\u00f3wnie\u017c wykorzysta\u0107 do transportu nowej rodziny pszczelej wraz z czerwi\u0105c\u0105 matk\u0105.\u00a0<strong>Uliki weselne<\/strong>\u00a0s\u0105 miniatur\u0105 uli produkcyjnych, np.\u00a0<strong>wielkopolskiego<\/strong>. S\u0105 one szczeg\u00f3lnie przydatne w trakcie rozwoju pasieki oraz na pocz\u0105tku dzia\u0142alno\u015bci. Dzi\u0119ki wielu zaletom ciesz\u0105 si\u0119 one du\u017c\u0105 popularno\u015bci\u0105 w\u015br\u00f3d pszczelarzy. Dost\u0119pny w naszej ofercie\u00a0<strong>ulik weselny<\/strong>\u00a0ma atrakcyjn\u0105\u00a0<strong>cen\u0119<\/strong>, jest lekki i por\u0119czny w u\u017cytkowaniu, a tak\u017ce nie wymaga du\u017cego nak\u0142adu pracy. Ponadto zosta\u0142 wykonany z trwa\u0142ych materia\u0142\u00f3w, dlatego na d\u0142ugo zago\u015bci w Twojej pasiece.\n<\/div>\n<h2>Ulik weselny w przyst\u0119pnej cenie \u2013 idealne rozwi\u0105zanie do Twojej pasieki<\/h2>\n<div>Wyb\u00f3r odpowiedniego ula jest kluczowy do osi\u0105gni\u0119cia sukcesu w pszczelarstwie. Dla hodowc\u00f3w, kt\u00f3rzy chc\u0105 zwi\u0119kszy\u0107 efektywno\u015b\u0107 swojej pasieki, doskona\u0142ym rozwi\u0105zaniem b\u0119dzie\u00a0<strong>ulik weselny polipropylenowy<\/strong>. Wykonany z wysokiej jako\u015bci materia\u0142\u00f3w, zapewnia optymaln\u0105 izolacj\u0119 termiczn\u0105, co sprzyja rozwojowi pszcz\u00f3\u0142. Oferowany\u00a0<strong>ulik weselny polipropylenowy<\/strong>\u00a0jest lekki, trwa\u0142y i \u0142atwy w u\u017cytkowaniu, sprawia, \u017ce idealnie nadaje si\u0119 zar\u00f3wno dla do\u015bwiadczonych pszczelarzy, jak i os\u00f3b rozpoczynaj\u0105cych przygod\u0119 z pszczelarstwem. Dzi\u0119ki swojej funkcjonalno\u015bci wielu hodowc\u00f3w pszcz\u00f3\u0142 stawia na\u00a0<strong>ulik weselny<\/strong>. Ponadto jego cena jest bardzo przyst\u0119pna, co czyni go produktem spe\u0142niaj\u0105cym oczekiwania nawet najbardziej wymagaj\u0105cych klient\u00f3w.<\/div>\n","protected":false},"excerpt":{"rendered":"<p>Ulik weselny dla pocz\u0105tkuj\u0105cych i do\u015bwiadczonych pszczelarzy Je\u015bli chcesz nauczy\u0107 si\u0119 podstaw pszczelarstwa, to zaopatrz si\u0119 w gotowe\u00a0uliki weselne, kt\u00f3re pozwol\u0105 rozwin\u0105\u0107 t\u0119 jak\u017ce ciekaw\u0105 pasj\u0119. Produkty dost\u0119pne w naszej ofercie sprawdz\u0105 si\u0119 zatem nie tylko w przypadku pocz\u0105tkuj\u0105cych, ale i do\u015bwiadczonych pszczelarzy powi\u0119kszaj\u0105cych swoj\u0105 pasiek\u0119. Ponadto\u00a0ulik weselny\u00a0to \u015bwietne rozwi\u0105zanie, dzi\u0119ki kt\u00f3remu zaoszcz\u0119dzisz pieni\u0105dze i [&hellip;]<\/p>\n","protected":false},"featured_media":983,"template":"","meta":[],"product_brand":[59],"product_cat":[40],"product_tag":[],"class_list":{"0":"post-982","1":"product","2":"type-product","3":"status-publish","4":"has-post-thumbnail","6":"product_brand-wyrobek","7":"product_cat-ule","9":"first","10":"instock","11":"taxable","12":"shipping-taxable","13":"purchasable","14":"product-type-simple"},"_links":{"self":[{"href":"https:\/\/27-215.pl\/index.php\/wp-json\/wp\/v2\/product\/982","targetHints":{"allow":["GET"]}}],"collection":[{"href":"https:\/\/27-215.pl\/index.php\/wp-json\/wp\/v2\/product"}],"about":[{"href":"https:\/\/27-215.pl\/index.php\/wp-json\/wp\/v2\/types\/product"}],"wp:featuredmedia":[{"embeddable":true,"href":"https:\/\/27-215.pl\/index.php\/wp-json\/wp\/v2\/media\/983"}],"wp:attachment":[{"href":"https:\/\/27-215.pl\/index.php\/wp-json\/wp\/v2\/media?parent=982"}],"wp:term":[{"taxonomy":"product_brand","embeddable":true,"href":"https:\/\/27-215.pl\/index.php\/wp-json\/wp\/v2\/product_brand?post=982"},{"taxonomy":"product_cat","embeddable":true,"href":"https:\/\/27-215.pl\/index.php\/wp-json\/wp\/v2\/product_cat?post=982"},{"taxonomy":"product_tag","embeddable":true,"href":"https:\/\/27-215.pl\/index.php\/wp-json\/wp\/v2\/product_tag?post=982"}],"curies":[{"name":"wp","href":"https:\/\/api.w.org\/{rel}","templated":true}]}}