{"id":984,"date":"2025-07-29T21:43:25","date_gmt":"2025-07-29T19:43:25","guid":{"rendered":"https:\/\/www.27-215.pl\/?post_type=product&#038;p=984"},"modified":"2026-04-20T11:49:18","modified_gmt":"2026-04-20T09:49:18","slug":"podkarmiaczka-powalkowa-talerzowa-4l","status":"publish","type":"product","link":"https:\/\/27-215.pl\/index.php\/produkt\/podkarmiaczka-powalkowa-talerzowa-4l\/","title":{"rendered":"Podkarmiaczka powa\u0142kowa talerzowa 4l"},"content":{"rendered":"<p>Podkarmiaczka powa\u0142kowa o pojemno\u015bci 4l umo\u017cliwiaj\u0105ca podkarmianie oraz zakarmianie pszcz\u00f3\u0142 bez kontaktu z nimi.<br \/>\nPodkarmiaczka pasuje do sitopaj\u0105ka w powa\u0142ce, pszczo\u0142y nie topi\u0105 si\u0119 dzi\u0119ki chropowatemu lejkowi.<\/p>\n<p>Do podkarmiaczki mo\u017cna dokupi\u0107 dekiel zamykaj\u0105cy j\u0105 od g\u00f3ry blokuj\u0105cy rozchodzenie si\u0119 zapachu syropu cukrowego.<\/p>\n<p>\u015arednica: 35 cm<br \/>\nWysoko\u015b\u0107: 8 cm<br \/>\nPojemno\u015b\u0107: 4 l<\/p>\n","protected":false},"excerpt":{"rendered":"<p>Podkarmiaczka powa\u0142kowa o pojemno\u015bci 4l umo\u017cliwiaj\u0105ca podkarmianie oraz zakarmianie pszcz\u00f3\u0142 bez kontaktu z nimi. Podkarmiaczka pasuje do sitopaj\u0105ka w powa\u0142ce, pszczo\u0142y nie topi\u0105 si\u0119 dzi\u0119ki chropowatemu lejkowi. Do podkarmiaczki mo\u017cna dokupi\u0107 dekiel zamykaj\u0105cy j\u0105 od g\u00f3ry blokuj\u0105cy rozchodzenie si\u0119 zapachu syropu cukrowego. \u015arednica: 35 cm Wysoko\u015b\u0107: 8 cm Pojemno\u015b\u0107: 4 l<\/p>\n","protected":false},"featured_media":985,"template":"","meta":[],"product_brand":[59],"product_cat":[60],"product_tag":[],"class_list":{"0":"post-984","1":"product","2":"type-product","3":"status-publish","4":"has-post-thumbnail","6":"product_brand-wyrobek","7":"product_cat-podkarmiaczki","8":"product_shipping_class-brak-wysylki","10":"first","11":"outofstock","12":"taxable","13":"shipping-taxable","14":"purchasable","15":"product-type-simple"},"_links":{"self":[{"href":"https:\/\/27-215.pl\/index.php\/wp-json\/wp\/v2\/product\/984","targetHints":{"allow":["GET"]}}],"collection":[{"href":"https:\/\/27-215.pl\/index.php\/wp-json\/wp\/v2\/product"}],"about":[{"href":"https:\/\/27-215.pl\/index.php\/wp-json\/wp\/v2\/types\/product"}],"wp:featuredmedia":[{"embeddable":true,"href":"https:\/\/27-215.pl\/index.php\/wp-json\/wp\/v2\/media\/985"}],"wp:attachment":[{"href":"https:\/\/27-215.pl\/index.php\/wp-json\/wp\/v2\/media?parent=984"}],"wp:term":[{"taxonomy":"product_brand","embeddable":true,"href":"https:\/\/27-215.pl\/index.php\/wp-json\/wp\/v2\/product_brand?post=984"},{"taxonomy":"product_cat","embeddable":true,"href":"https:\/\/27-215.pl\/index.php\/wp-json\/wp\/v2\/product_cat?post=984"},{"taxonomy":"product_tag","embeddable":true,"href":"https:\/\/27-215.pl\/index.php\/wp-json\/wp\/v2\/product_tag?post=984"}],"curies":[{"name":"wp","href":"https:\/\/api.w.org\/{rel}","templated":true}]}}