{"id":986,"date":"2025-07-29T21:46:02","date_gmt":"2025-07-29T19:46:02","guid":{"rendered":"https:\/\/www.27-215.pl\/?post_type=product&#038;p=986"},"modified":"2026-04-20T11:49:14","modified_gmt":"2026-04-20T09:49:14","slug":"dekiel-podkarmiaczki-4l","status":"publish","type":"product","link":"https:\/\/27-215.pl\/index.php\/produkt\/dekiel-podkarmiaczki-4l\/","title":{"rendered":"Dekiel podkarmiaczki 4l"},"content":{"rendered":"<p>Dekiel do przykrycia podkarmiaczki powa\u0142kowej talerzowej 4l<\/p>\n<p>Wymiary :<\/p>\n<p>&#8211; \u015arednica : 35,5 cm<br \/>\n&#8211; Wysoko\u015b\u0107 : 1 cm<\/p>\n","protected":false},"excerpt":{"rendered":"<p>Dekiel do przykrycia podkarmiaczki powa\u0142kowej talerzowej 4l Wymiary : &#8211; \u015arednica : 35,5 cm &#8211; Wysoko\u015b\u0107 : 1 cm<\/p>\n","protected":false},"featured_media":987,"template":"","meta":[],"product_brand":[59],"product_cat":[60],"product_tag":[],"class_list":{"0":"post-986","1":"product","2":"type-product","3":"status-publish","4":"has-post-thumbnail","6":"product_brand-wyrobek","7":"product_cat-podkarmiaczki","8":"product_shipping_class-brak-wysylki","10":"first","11":"instock","12":"taxable","13":"shipping-taxable","14":"purchasable","15":"product-type-simple"},"_links":{"self":[{"href":"https:\/\/27-215.pl\/index.php\/wp-json\/wp\/v2\/product\/986","targetHints":{"allow":["GET"]}}],"collection":[{"href":"https:\/\/27-215.pl\/index.php\/wp-json\/wp\/v2\/product"}],"about":[{"href":"https:\/\/27-215.pl\/index.php\/wp-json\/wp\/v2\/types\/product"}],"wp:featuredmedia":[{"embeddable":true,"href":"https:\/\/27-215.pl\/index.php\/wp-json\/wp\/v2\/media\/987"}],"wp:attachment":[{"href":"https:\/\/27-215.pl\/index.php\/wp-json\/wp\/v2\/media?parent=986"}],"wp:term":[{"taxonomy":"product_brand","embeddable":true,"href":"https:\/\/27-215.pl\/index.php\/wp-json\/wp\/v2\/product_brand?post=986"},{"taxonomy":"product_cat","embeddable":true,"href":"https:\/\/27-215.pl\/index.php\/wp-json\/wp\/v2\/product_cat?post=986"},{"taxonomy":"product_tag","embeddable":true,"href":"https:\/\/27-215.pl\/index.php\/wp-json\/wp\/v2\/product_tag?post=986"}],"curies":[{"name":"wp","href":"https:\/\/api.w.org\/{rel}","templated":true}]}}