{"id":990,"date":"2025-07-29T21:52:07","date_gmt":"2025-07-29T19:52:07","guid":{"rendered":"https:\/\/www.27-215.pl\/?post_type=product&#038;p=990"},"modified":"2026-04-04T08:51:08","modified_gmt":"2026-04-04T06:51:08","slug":"wylotek-styropianowy","status":"publish","type":"product","link":"https:\/\/27-215.pl\/index.php\/produkt\/wylotek-styropianowy\/","title":{"rendered":"Wylotek styropianowy"},"content":{"rendered":"<p>Wylotek styropianowy s\u0142u\u017cy jako l\u0105dowisko dla pszcz\u00f3\u0142 , kt\u00f3re mo\u017cna zamontowa\u0107 w ka\u017cdym trapezowym otworze wentylacyjnym.<\/p>\n","protected":false},"excerpt":{"rendered":"<p>Wylotek styropianowy s\u0142u\u017cy jako l\u0105dowisko dla pszcz\u00f3\u0142 , kt\u00f3re mo\u017cna zamontowa\u0107 w ka\u017cdym trapezowym otworze wentylacyjnym.<\/p>\n","protected":false},"featured_media":991,"template":"","meta":[],"product_brand":[],"product_cat":[41],"product_tag":[],"class_list":{"0":"post-990","1":"product","2":"type-product","3":"status-publish","4":"has-post-thumbnail","6":"product_cat-inne","8":"first","9":"instock","10":"taxable","11":"shipping-taxable","12":"purchasable","13":"product-type-simple"},"_links":{"self":[{"href":"https:\/\/27-215.pl\/index.php\/wp-json\/wp\/v2\/product\/990","targetHints":{"allow":["GET"]}}],"collection":[{"href":"https:\/\/27-215.pl\/index.php\/wp-json\/wp\/v2\/product"}],"about":[{"href":"https:\/\/27-215.pl\/index.php\/wp-json\/wp\/v2\/types\/product"}],"wp:featuredmedia":[{"embeddable":true,"href":"https:\/\/27-215.pl\/index.php\/wp-json\/wp\/v2\/media\/991"}],"wp:attachment":[{"href":"https:\/\/27-215.pl\/index.php\/wp-json\/wp\/v2\/media?parent=990"}],"wp:term":[{"taxonomy":"product_brand","embeddable":true,"href":"https:\/\/27-215.pl\/index.php\/wp-json\/wp\/v2\/product_brand?post=990"},{"taxonomy":"product_cat","embeddable":true,"href":"https:\/\/27-215.pl\/index.php\/wp-json\/wp\/v2\/product_cat?post=990"},{"taxonomy":"product_tag","embeddable":true,"href":"https:\/\/27-215.pl\/index.php\/wp-json\/wp\/v2\/product_tag?post=990"}],"curies":[{"name":"wp","href":"https:\/\/api.w.org\/{rel}","templated":true}]}}